{"id":123,"date":"2025-12-27T09:37:25","date_gmt":"2025-12-27T09:37:25","guid":{"rendered":"https:\/\/www.meletthalie.com\/?page_id=123"},"modified":"2025-12-27T11:13:56","modified_gmt":"2025-12-27T11:13:56","slug":"appel-projet","status":"publish","type":"page","link":"http:\/\/www.meletthalie.com\/index.php\/appel-projet\/","title":{"rendered":"Appel \u00e0 textes"},"content":{"rendered":"<nav class=\"is-responsive items-justified-right alignwide wp-block-navigation is-content-justification-right is-layout-flex wp-container-core-navigation-is-layout-d445cf74 wp-block-navigation-is-layout-flex\" aria-label=\"Navigation\" \n\t\t data-wp-interactive=\"core\/navigation\" data-wp-context='{\"overlayOpenedBy\":{\"click\":false,\"hover\":false,\"focus\":false},\"type\":\"overlay\",\"roleAttribute\":\"\",\"ariaLabel\":\"Menu\"}'><button aria-haspopup=\"dialog\" aria-label=\"Open menu\" class=\"wp-block-navigation__responsive-container-open\" \n\t\t\t\tdata-wp-on--click=\"actions.openMenuOnClick\"\n\t\t\t\tdata-wp-on--keydown=\"actions.handleMenuKeydown\"\n\t\t\t><svg width=\"24\" height=\"24\" xmlns=\"http:\/\/www.w3.org\/2000\/svg\" viewBox=\"0 0 24 24\" aria-hidden=\"true\" focusable=\"false\"><path d=\"M4 7.5h16v1.5H4z\"><\/path><path d=\"M4 15h16v1.5H4z\"><\/path><\/svg><\/button>\n\t\t\t\t<div class=\"wp-block-navigation__responsive-container\"  id=\"modal-1\" \n\t\t\t\tdata-wp-class--has-modal-open=\"state.isMenuOpen\"\n\t\t\t\tdata-wp-class--is-menu-open=\"state.isMenuOpen\"\n\t\t\t\tdata-wp-watch=\"callbacks.initMenu\"\n\t\t\t\tdata-wp-on--keydown=\"actions.handleMenuKeydown\"\n\t\t\t\tdata-wp-on--focusout=\"actions.handleMenuFocusout\"\n\t\t\t\ttabindex=\"-1\"\n\t\t\t>\n\t\t\t\t\t<div class=\"wp-block-navigation__responsive-close\" tabindex=\"-1\">\n\t\t\t\t\t\t<div class=\"wp-block-navigation__responsive-dialog\" \n\t\t\t\tdata-wp-bind--aria-modal=\"state.ariaModal\"\n\t\t\t\tdata-wp-bind--aria-label=\"state.ariaLabel\"\n\t\t\t\tdata-wp-bind--role=\"state.roleAttribute\"\n\t\t\t>\n\t\t\t\t\t\t\t<button aria-label=\"Close menu\" class=\"wp-block-navigation__responsive-container-close\" \n\t\t\t\tdata-wp-on--click=\"actions.closeMenuOnClick\"\n\t\t\t><svg xmlns=\"http:\/\/www.w3.org\/2000\/svg\" viewBox=\"0 0 24 24\" width=\"24\" height=\"24\" aria-hidden=\"true\" focusable=\"false\"><path d=\"m13.06 12 6.47-6.47-1.06-1.06L12 10.94 5.53 4.47 4.47 5.53 10.94 12l-6.47 6.47 1.06 1.06L12 13.06l6.47 6.47 1.06-1.06L13.06 12Z\"><\/path><\/svg><\/button>\n\t\t\t\t\t\t\t<div class=\"wp-block-navigation__responsive-container-content\" \n\t\t\t\tdata-wp-watch=\"callbacks.focusFirstElement\"\n\t\t\t id=\"modal-1-content\">\n\t\t\t\t\t\t\t\t<ul class=\"wp-block-navigation__container is-responsive items-justified-right alignwide wp-block-navigation\"><li class=\" wp-block-navigation-item wp-block-navigation-link\"><a class=\"wp-block-navigation-item__content\"  href=\"http:\/\/www.meletthalie.com\/\"><span class=\"wp-block-navigation-item__label\">Accueil<\/span><\/a><\/li><li class=\" wp-block-navigation-item wp-block-navigation-link\"><a class=\"wp-block-navigation-item__content\"  href=\"http:\/\/www.meletthalie.com\/index.php\/la-compagnie\/\"><span class=\"wp-block-navigation-item__label\">La Compagnie<\/span><\/a><\/li><li class=\" wp-block-navigation-item wp-block-navigation-link\"><a class=\"wp-block-navigation-item__content\"  href=\"http:\/\/www.meletthalie.com\/index.php\/spectacles\/\"><span class=\"wp-block-navigation-item__label\">Spectacles<\/span><\/a><\/li><li class=\" wp-block-navigation-item wp-block-navigation-link\"><a class=\"wp-block-navigation-item__content\"  href=\"http:\/\/www.meletthalie.com\/index.php\/appel-projet\/\"><span class=\"wp-block-navigation-item__label\">Appel \u00e0 textes<\/span><\/a><\/li><li class=\" wp-block-navigation-item wp-block-navigation-link\"><a class=\"wp-block-navigation-item__content\"  href=\"http:\/\/www.meletthalie.com\/index.php\/contact\/\"><span class=\"wp-block-navigation-item__label\">contact<\/span><\/a><\/li><\/ul>\n\t\t\t\t\t\t\t<\/div>\n\t\t\t\t\t\t<\/div>\n\t\t\t\t\t<\/div>\n\t\t\t\t<\/div><\/nav>\n\n\n<link href=\"https:\/\/fonts.googleapis.com\/css2?family=Montserrat:wght@400;600;700&#038;family=Pacifico&#038;display=swap\" rel=\"stylesheet\">\n\n<div class=\"mt-call\">\n\n  <!-- Header -->\n  <div class=\"mt-call-header\" aria-label=\"En-t\u00eate appel \u00e0 textes\">\n    <img decoding=\"async\" class=\"mt-call-logo\"\n         src=\"http:\/\/www.meletthalie.com\/wp-content\/uploads\/2025\/10\/ChatGPT-Image-7-oct.-2025-21_42_11-3.png\"\n         alt=\"Logo Mel &#038; Thalie\">\n    <h1 class=\"mt-call-title\">Appel \u00e0 textes<\/h1>\n  <\/div>\n\n  <!-- Intro -->\n  <div class=\"mt-call-card\" aria-label=\"Pr\u00e9sentation\">\n    <p class=\"mt-call-lead\">\n      <strong>Vous \u00eates dramaturge et souhaitez \u00eatre jou\u00e9 ? \u00c9crivez-nous !<\/strong>\n    <\/p>\n\n    <p class=\"mt-call-text\">\n      Fid\u00e8le \u00e0 son engagement d&#8217;innovation et de diversit\u00e9, Mel &amp; Thalie invite les autrices et auteurs \u00e0 proposer leurs textes \u00e0 notre comit\u00e9 de lecture\n      afin qu&#8217;ils soient mis en sc\u00e8ne et produits par la compagnie.\n    <\/p>\n  <\/div>\n\n  <!-- Conditions \/ Format \/ Envoi -->\n  <div class=\"mt-call-grid\" aria-label=\"Informations pratiques\">\n\n    <section class=\"mt-box\" aria-label=\"Conditions\">\n      <h2 class=\"mt-box-title\">Les conditions<\/h2>\n      <ul class=\"mt-list\">\n        <li>Le texte doit \u00eatre en langue fran\u00e7aise et achev\u00e9.<\/li>\n        <li>La pi\u00e8ce doit \u00eatre non \u00e9dit\u00e9e et jamais jou\u00e9e mais peut avoir d\u00e9j\u00e0 fait l\u2019objet d\u2019une lecture.<\/li>\n        <li>La pi\u00e8ce ne doit \u00eatre ni une adaptation ni une traduction.<\/li>\n        <li>Th\u00e8me libre.<\/li>\n        <li>Aucun texte destin\u00e9 sp\u00e9cifiquement au jeune public.<\/li>\n        <li>D\u2019une dur\u00e9e de 60 minutes \u00e0 1h30.<\/li>\n        <li>De 2 \u00e0 5 com\u00e9diens.<\/li>\n      <\/ul>\n    <\/section>\n\n    <section class=\"mt-box\" aria-label=\"Format\">\n      <h2 class=\"mt-box-title\">Le format<\/h2>\n      <ul class=\"mt-list\">\n        <li>Une br\u00e8ve pr\u00e9sentation de la pi\u00e8ce et des personnages introduira le texte.<\/li>\n        <li>Le nom des personnages devra appara\u00eetre en majuscule au d\u00e9but de chaque r\u00e9plique.<\/li>\n      <\/ul>\n    <\/section>\n\n    <section class=\"mt-box\" aria-label=\"Envoi\">\n      <h2 class=\"mt-box-title\">L\u2019envoi<\/h2>\n      <ul class=\"mt-list\">\n        <li>\n          Les envois se feront par email en version PDF \u00e0 l\u2019adresse suivante :\n          <a class=\"mt-link\" href=\"mailto:contact@meletthalie.com\">contact@meletthalie.com<\/a>.\n        <\/li>\n        <li>Indiquez dans le corps du mail vos coordonn\u00e9es compl\u00e8tes : nom, adresse postale, t\u00e9l\u00e9phone, email.<\/li>\n        <li>Un accus\u00e9 de r\u00e9ception sera syst\u00e9matiquement envoy\u00e9 quelques jours apr\u00e8s l&#8217;envoi.<\/li>\n      <\/ul>\n\n      <a class=\"mt-cta\" href=\"mailto:contact@meletthalie.com?subject=Appel%20%C3%A0%20textes%20%E2%80%93%20Soumission%20PDF\">\n        Envoyer un texte\n      <\/a>\n    <\/section>\n\n  <\/div>\n\n<\/div>\n\n<style>\n  :root{\n    --mt-primary:#6c7929;\n    --mt-bg:#f7f8f3;\n    --mt-ink:#222;\n    --mt-border: rgba(0,0,0,0.10);\n  }\n\n  .mt-call{\n    font-family:\"Montserrat\", system-ui, -apple-system, \"Segoe UI\", Roboto, Arial;\n    max-width: 1100px;\n    margin: 26px auto 40px;\n    padding: 0 18px;\n    color: var(--mt-ink);\n  }\n\n  \/* Header *\/\n  .mt-call-header{\n    display:flex;\n    align-items:center;\n    gap: 12px;\n    margin-bottom: 14px;\n  }\n\n  .mt-call-logo{\n    width: 56px;           \/* tout petit logo en haut \u00e0 gauche *\/\n    height: auto;\n    display:block;\n  }\n\n  .mt-call-title{\n    font-family:\"Pacifico\", cursive;\n    font-size: 34px;\n    line-height: 1.1;\n    margin: 0;\n    color: var(--mt-primary);\n  }\n\n  \/* Intro card *\/\n  .mt-call-card{\n    background: linear-gradient(180deg, #ffffff 0%, var(--mt-bg) 100%);\n    border-radius: 16px;\n    box-shadow: 0 12px 32px rgba(0,0,0,0.08);\n    padding: 22px;\n    margin-bottom: 16px;\n  }\n\n  .mt-call-lead{\n    margin: 0 0 10px;\n    font-size: 16px;\n    color:#333;\n  }\n\n  .mt-call-text{\n    margin: 0;\n    font-size: 15.5px;\n    line-height: 1.65;\n    color:#333;\n    text-align: justify;\n    text-justify: inter-word;\n  }\n\n  \/* Grid *\/\n  .mt-call-grid{\n    display:grid;\n    grid-template-columns: repeat(3, 1fr);\n    gap: 14px;\n  }\n\n  .mt-box{\n    background:#fff;\n    border-radius: 16px;\n    box-shadow: 0 12px 32px rgba(0,0,0,0.08);\n    padding: 18px;\n  }\n\n  .mt-box-title{\n    margin: 0 0 10px;\n    font-size: 16px;\n    font-weight: 800;\n    color: var(--mt-primary);\n    letter-spacing: .2px;\n  }\n\n  .mt-list{\n    margin: 0;\n    padding-left: 18px;\n    color:#333;\n    font-size: 14.5px;\n    line-height: 1.55;\n  }\n\n  .mt-list li{ margin: 7px 0; }\n\n  .mt-link{\n    color: var(--mt-primary);\n    font-weight: 700;\n    text-decoration: none;\n    white-space: nowrap;\n  }\n  .mt-link:hover{ text-decoration: underline; }\n\n  .mt-cta{\n    display:inline-flex;\n    align-items:center;\n    justify-content:center;\n    margin-top: 12px;\n    padding: 11px 14px;\n    border-radius: 12px;\n    background: var(--mt-primary);\n    color:#fff;\n    text-decoration:none;\n    font-weight: 700;\n    font-size: 14px;\n    box-shadow: 0 10px 22px rgba(108,121,41,0.16);\n  }\n  .mt-cta:hover{ transform: translateY(-1px); }\n\n  \/* Responsive *\/\n  @media (max-width: 980px){\n    .mt-call-grid{ grid-template-columns: 1fr; }\n    .mt-call-title{ font-size: 30px; }\n    .mt-call-logo{ width: 48px; }\n  }\n<\/style>\n\n","protected":false},"excerpt":{"rendered":"<p>Appel \u00e0 textes Vous \u00eates dramaturge et souhaitez \u00eatre jou\u00e9 ? \u00c9crivez-nous ! Fid\u00e8le \u00e0 son engagement d&#8217;innovation et de diversit\u00e9, Mel &amp; Thalie invite les autrices et auteurs \u00e0 proposer leurs textes \u00e0 notre comit\u00e9 de lecture afin qu&#8217;ils soient mis en sc\u00e8ne et produits par la compagnie. Les conditions Le texte doit \u00eatre [&hellip;]<\/p>\n","protected":false},"author":1,"featured_media":0,"parent":0,"menu_order":0,"comment_status":"closed","ping_status":"closed","template":"","meta":{"footnotes":""},"class_list":["post-123","page","type-page","status-publish","hentry"],"_links":{"self":[{"href":"http:\/\/www.meletthalie.com\/index.php\/wp-json\/wp\/v2\/pages\/123","targetHints":{"allow":["GET"]}}],"collection":[{"href":"http:\/\/www.meletthalie.com\/index.php\/wp-json\/wp\/v2\/pages"}],"about":[{"href":"http:\/\/www.meletthalie.com\/index.php\/wp-json\/wp\/v2\/types\/page"}],"author":[{"embeddable":true,"href":"http:\/\/www.meletthalie.com\/index.php\/wp-json\/wp\/v2\/users\/1"}],"replies":[{"embeddable":true,"href":"http:\/\/www.meletthalie.com\/index.php\/wp-json\/wp\/v2\/comments?post=123"}],"version-history":[{"count":5,"href":"http:\/\/www.meletthalie.com\/index.php\/wp-json\/wp\/v2\/pages\/123\/revisions"}],"predecessor-version":[{"id":142,"href":"http:\/\/www.meletthalie.com\/index.php\/wp-json\/wp\/v2\/pages\/123\/revisions\/142"}],"wp:attachment":[{"href":"http:\/\/www.meletthalie.com\/index.php\/wp-json\/wp\/v2\/media?parent=123"}],"curies":[{"name":"wp","href":"https:\/\/api.w.org\/{rel}","templated":true}]}}