{"id":157,"date":"2026-01-02T17:28:13","date_gmt":"2026-01-02T17:28:13","guid":{"rendered":"https:\/\/www.meletthalie.com\/?page_id=157"},"modified":"2026-03-09T07:54:33","modified_gmt":"2026-03-09T07:54:33","slug":"le-grenadier","status":"publish","type":"page","link":"https:\/\/www.meletthalie.com\/index.php\/le-grenadier\/","title":{"rendered":"Le Grenadier"},"content":{"rendered":"<nav class=\"is-responsive items-justified-right alignwide wp-block-navigation is-content-justification-right is-layout-flex wp-container-core-navigation-is-layout-d445cf74 wp-block-navigation-is-layout-flex\" aria-label=\"Navigation\" \n\t\t data-wp-interactive=\"core\/navigation\" data-wp-context='{\"overlayOpenedBy\":{\"click\":false,\"hover\":false,\"focus\":false},\"type\":\"overlay\",\"roleAttribute\":\"\",\"ariaLabel\":\"Menu\"}'><button aria-haspopup=\"dialog\" aria-label=\"Open menu\" class=\"wp-block-navigation__responsive-container-open\" \n\t\t\t\tdata-wp-on--click=\"actions.openMenuOnClick\"\n\t\t\t\tdata-wp-on--keydown=\"actions.handleMenuKeydown\"\n\t\t\t><svg width=\"24\" height=\"24\" xmlns=\"http:\/\/www.w3.org\/2000\/svg\" viewBox=\"0 0 24 24\" aria-hidden=\"true\" focusable=\"false\"><path d=\"M4 7.5h16v1.5H4z\"><\/path><path d=\"M4 15h16v1.5H4z\"><\/path><\/svg><\/button>\n\t\t\t\t<div class=\"wp-block-navigation__responsive-container\"  id=\"modal-1\" \n\t\t\t\tdata-wp-class--has-modal-open=\"state.isMenuOpen\"\n\t\t\t\tdata-wp-class--is-menu-open=\"state.isMenuOpen\"\n\t\t\t\tdata-wp-watch=\"callbacks.initMenu\"\n\t\t\t\tdata-wp-on--keydown=\"actions.handleMenuKeydown\"\n\t\t\t\tdata-wp-on--focusout=\"actions.handleMenuFocusout\"\n\t\t\t\ttabindex=\"-1\"\n\t\t\t>\n\t\t\t\t\t<div class=\"wp-block-navigation__responsive-close\" tabindex=\"-1\">\n\t\t\t\t\t\t<div class=\"wp-block-navigation__responsive-dialog\" \n\t\t\t\tdata-wp-bind--aria-modal=\"state.ariaModal\"\n\t\t\t\tdata-wp-bind--aria-label=\"state.ariaLabel\"\n\t\t\t\tdata-wp-bind--role=\"state.roleAttribute\"\n\t\t\t>\n\t\t\t\t\t\t\t<button aria-label=\"Close menu\" class=\"wp-block-navigation__responsive-container-close\" \n\t\t\t\tdata-wp-on--click=\"actions.closeMenuOnClick\"\n\t\t\t><svg xmlns=\"http:\/\/www.w3.org\/2000\/svg\" viewBox=\"0 0 24 24\" width=\"24\" height=\"24\" aria-hidden=\"true\" focusable=\"false\"><path d=\"m13.06 12 6.47-6.47-1.06-1.06L12 10.94 5.53 4.47 4.47 5.53 10.94 12l-6.47 6.47 1.06 1.06L12 13.06l6.47 6.47 1.06-1.06L13.06 12Z\"><\/path><\/svg><\/button>\n\t\t\t\t\t\t\t<div class=\"wp-block-navigation__responsive-container-content\" \n\t\t\t\tdata-wp-watch=\"callbacks.focusFirstElement\"\n\t\t\t id=\"modal-1-content\">\n\t\t\t\t\t\t\t\t<ul class=\"wp-block-navigation__container is-responsive items-justified-right alignwide wp-block-navigation\"><li class=\" wp-block-navigation-item wp-block-navigation-link\"><a class=\"wp-block-navigation-item__content\"  href=\"https:\/\/www.meletthalie.com\/\"><span class=\"wp-block-navigation-item__label\">Accueil<\/span><\/a><\/li><li class=\" wp-block-navigation-item wp-block-navigation-link\"><a class=\"wp-block-navigation-item__content\"  href=\"https:\/\/www.meletthalie.com\/index.php\/la-compagnie\/\"><span class=\"wp-block-navigation-item__label\">La Compagnie<\/span><\/a><\/li><li class=\" wp-block-navigation-item wp-block-navigation-link\"><a class=\"wp-block-navigation-item__content\"  href=\"https:\/\/www.meletthalie.com\/index.php\/spectacles\/\"><span class=\"wp-block-navigation-item__label\">Spectacles<\/span><\/a><\/li><li class=\" wp-block-navigation-item wp-block-navigation-link\"><a class=\"wp-block-navigation-item__content\"  href=\"https:\/\/www.meletthalie.com\/index.php\/appel-projet\/\"><span class=\"wp-block-navigation-item__label\">Appel \u00e0 textes<\/span><\/a><\/li><li class=\" wp-block-navigation-item wp-block-navigation-link\"><a class=\"wp-block-navigation-item__content\"  href=\"https:\/\/www.meletthalie.com\/index.php\/contact\/\"><span class=\"wp-block-navigation-item__label\">contact<\/span><\/a><\/li><\/ul>\n\t\t\t\t\t\t\t<\/div>\n\t\t\t\t\t\t<\/div>\n\t\t\t\t\t<\/div>\n\t\t\t\t<\/div><\/nav>\n\n<link href=\"https:\/\/fonts.googleapis.com\/css2?family=Montserrat:wght@400;600&#038;family=Pacifico&#038;display=swap\" rel=\"stylesheet\">\n\n<style>\n  :root{\n    --mt-primary:#6c7929;\n    --mt-ink:#222;\n    --mt-bg:#f7f8f3;\n    --mt-card:#ffffff;\n    --mt-border: rgba(0,0,0,0.08);\n    --mt-shadow: 0 12px 32px rgba(0,0,0,0.08);\n  }\n\n  .mt-showpage{\n    font-family:\"Montserrat\", system-ui, -apple-system, \"Segoe UI\", Roboto, Arial, sans-serif;\n    max-width:1100px;\n    margin:26px auto 44px;\n    padding:0 18px;\n    color:var(--mt-ink);\n  }\n\n  .mt-hero{\n    display:grid;\n    grid-template-columns: 0.95fr 1.55fr;\n    gap:18px;\n    align-items:start;\n    margin-bottom:16px;\n  }\n\n  .mt-hero-poster{\n    display:flex;\n    align-items:flex-start;\n    justify-content:center;\n  }\n\n  .mt-poster-frame{\n    width:100%;\n    max-width:320px;\n    border-radius:16px;\n    overflow:hidden;\n    background:#fff;\n    box-shadow:var(--mt-shadow);\n  }\n\n  .mt-poster{\n    display:block;\n    width:100%;\n    height:auto;\n  }\n\n  .mt-hero-info{\n    background: linear-gradient(180deg, #ffffff 0%, var(--mt-bg) 100%);\n    border-radius:16px;\n    box-shadow:var(--mt-shadow);\n    padding:20px 20px 18px;\n  }\n\n  .mt-title{\n    margin:0 0 10px;\n    font-family:\"Pacifico\", cursive;\n    font-size:38px;\n    line-height:1.1;\n    color:var(--mt-primary);\n  }\n\n  .mt-tags{\n    display:flex;\n    flex-wrap:wrap;\n    gap:10px;\n    margin-bottom:12px;\n  }\n\n  .mt-tag{\n    display:inline-flex;\n    align-items:center;\n    justify-content:center;\n    padding:7px 10px;\n    border-radius:999px;\n    background:#fff;\n    border:1px solid var(--mt-border);\n    color:#333;\n    font-weight:700;\n    font-size:13px;\n  }\n\n  .mt-credits-top{\n    margin-bottom:12px;\n    color:#333;\n    font-size:14.5px;\n    line-height:1.55;\n  }\n\n  .mt-synopsis{\n    margin-top:8px;\n  }\n\n  .mt-h2{\n    margin:0 0 8px;\n    font-size:18px;\n    font-weight:800;\n    color:var(--mt-primary);\n    letter-spacing:.2px;\n  }\n\n  .mt-synopsis p{\n    margin:0;\n    font-size:15px;\n    line-height:1.65;\n    color:#333;\n    text-align:justify;\n    text-justify:inter-word;\n  }\n\n  .mt-cta-row{\n    display:flex;\n    gap:12px;\n    flex-wrap:wrap;\n    margin-top:16px;\n  }\n\n  .mt-btn{\n    display:inline-flex;\n    align-items:center;\n    justify-content:center;\n    padding:12px 18px;\n    border-radius:10px;\n    text-decoration:none;\n    font-weight:600;\n    font-size:15px;\n    min-width:180px;\n    box-shadow:0 6px 18px rgba(108,121,41,0.14);\n  }\n\n  .mt-btn-primary{\n    background:var(--mt-primary);\n    color:#fff;\n    border:1px solid rgba(0,0,0,0.06);\n  }\n\n  .mt-btn-ghost{\n    background:transparent;\n    color:var(--mt-primary);\n    border:1px solid var(--mt-primary);\n  }\n\n  .mt-btn-soft{\n    background:#f5f5f2;\n    color:#333;\n    border:1px solid #dedede;\n  }\n\n  .mt-card{\n    background: linear-gradient(180deg, #ffffff 0%, var(--mt-bg) 100%);\n    border-radius:16px;\n    box-shadow:var(--mt-shadow);\n    padding:18px 20px;\n    margin-top:16px;\n  }\n\n  .mt-fiche{\n    margin-top:10px;\n    display:grid;\n    gap:10px;\n  }\n\n  .mt-row{\n    display:grid;\n    grid-template-columns:140px 1fr;\n    gap:12px;\n    padding:10px 12px;\n    background:#fff;\n    border-radius:12px;\n    border:1px solid rgba(0,0,0,0.06);\n  }\n\n  .mt-label{\n    font-weight:800;\n    color:#333;\n    font-size:13.5px;\n  }\n\n  .mt-value{\n    color:#333;\n    font-size:14.5px;\n    line-height:1.4;\n  }\n\n  @media (max-width:980px){\n    .mt-hero{\n      grid-template-columns:1fr;\n    }\n\n    .mt-title{\n      font-size:34px;\n    }\n\n    .mt-poster-frame{\n      max-width:360px;\n    }\n\n    .mt-row{\n      grid-template-columns:1fr;\n    }\n\n    .mt-label{\n      color:var(--mt-primary);\n    }\n  }\n<\/style>\n\n<div class=\"mt-showpage\" role=\"region\" aria-label=\"Page spectacle Le Grenadier\">\n\n  <section class=\"mt-hero\" aria-label=\"En-t\u00eate spectacle\">\n\n    <div class=\"mt-hero-poster\" aria-label=\"Affiche\">\n      <div class=\"mt-poster-frame\">\n        <img decoding=\"async\" class=\"mt-poster\"\n             src=\"http:\/\/www.meletthalie.com\/wp-content\/uploads\/2026\/01\/Capture-decran-2026-01-02-181137-1.png\"\n             alt=\"Affiche du spectacle Le Grenadier\">\n      <\/div>\n    <\/div>\n\n    <div class=\"mt-hero-info\" aria-label=\"Informations principales\">\n      <h1 class=\"mt-title\">Le Grenadier<\/h1>\n\n      <div class=\"mt-tags\" aria-label=\"Format et dur\u00e9e\">\n        <span class=\"mt-tag\">Seul-en-sc\u00e8ne<\/span>\n        <span class=\"mt-tag\">Dur\u00e9e : 1h<\/span>\n      <\/div>\n\n      <div class=\"mt-credits-top\">\n        <div><strong>Texte et interpr\u00e9tation :<\/strong> Liana Davtyan<\/div>\n      <\/div>\n\n      <div class=\"mt-synopsis\">\n        <h2 class=\"mt-h2\">Synopsis<\/h2>\n        <p>\n          Un seul en sc\u00e8ne coup de poing entre th\u00e9\u00e2tre, danse et one woman show politique. Une migrante arm\u00e9nienne raconte la guerre,\n          l\u2019exil, l\u2019humour comme ultime r\u00e9sistance face \u00e0 l\u2019indiff\u00e9rence mondialis\u00e9e. Un manifeste contre l\u2019humanisme s\u00e9lectif,\n          cet aveuglement complice qui pr\u00e9pare les catastrophes de demain.\n        <\/p>\n      <\/div>\n\n      <div class=\"mt-cta-row\" role=\"navigation\" aria-label=\"Actions\">\n        <a class=\"mt-btn mt-btn-primary\"\n           href=\"mailto:contact@meletthalie.com?subject=Demande%20d%27information%20-%20Le%20Grenadier\">\n          Nous contacter\n        <\/a>\n\n        <a class=\"mt-btn mt-btn-ghost\"\n           href=\"https:\/\/www.meletthalie.com\/index.php\/spectacles\/\">\n          Retour aux spectacles\n        <\/a>\n\n        <a class=\"mt-btn mt-btn-soft\"\n           href=\"https:\/\/instagram.com\/meletthalie\"\n           target=\"_blank\"\n           rel=\"noopener\">\n          Suivre sur Instagram\n        <\/a>\n      <\/div>\n    <\/div>\n\n  <\/section>\n\n  <section class=\"mt-card\" aria-label=\"Fiche artistique\">\n    <h2 class=\"mt-h2\">Fiche artistique<\/h2>\n\n    <div class=\"mt-fiche\">\n      <div class=\"mt-row\">\n        <div class=\"mt-label\">Texte<\/div>\n        <div class=\"mt-value\">Liana Davtyan<\/div>\n      <\/div>\n\n      <div class=\"mt-row\">\n        <div class=\"mt-label\">Interpr\u00e8te<\/div>\n        <div class=\"mt-value\">Liana Davtyan<\/div>\n      <\/div>\n\n      <div class=\"mt-row\">\n        <div class=\"mt-label\">Dur\u00e9e<\/div>\n        <div class=\"mt-value\">1h<\/div>\n      <\/div>\n\n      <div class=\"mt-row\">\n        <div class=\"mt-label\">Production<\/div>\n        <div class=\"mt-value\">Mel &amp; Thalie<\/div>\n      <\/div>\n    <\/div>\n  <\/section>\n\n<\/div>","protected":false},"excerpt":{"rendered":"<p>Le Grenadier Seul-en-sc\u00e8ne Dur\u00e9e : 1h Texte et interpr\u00e9tation : Liana Davtyan Synopsis Un seul en sc\u00e8ne coup de poing entre th\u00e9\u00e2tre, danse et one woman show politique. Une migrante arm\u00e9nienne raconte la guerre, l\u2019exil, l\u2019humour comme ultime r\u00e9sistance face \u00e0 l\u2019indiff\u00e9rence mondialis\u00e9e. Un manifeste contre l\u2019humanisme s\u00e9lectif, cet aveuglement complice qui pr\u00e9pare les catastrophes [&hellip;]<\/p>\n","protected":false},"author":1,"featured_media":0,"parent":0,"menu_order":0,"comment_status":"closed","ping_status":"closed","template":"","meta":{"footnotes":""},"class_list":["post-157","page","type-page","status-publish","hentry"],"_links":{"self":[{"href":"https:\/\/www.meletthalie.com\/index.php\/wp-json\/wp\/v2\/pages\/157","targetHints":{"allow":["GET"]}}],"collection":[{"href":"https:\/\/www.meletthalie.com\/index.php\/wp-json\/wp\/v2\/pages"}],"about":[{"href":"https:\/\/www.meletthalie.com\/index.php\/wp-json\/wp\/v2\/types\/page"}],"author":[{"embeddable":true,"href":"https:\/\/www.meletthalie.com\/index.php\/wp-json\/wp\/v2\/users\/1"}],"replies":[{"embeddable":true,"href":"https:\/\/www.meletthalie.com\/index.php\/wp-json\/wp\/v2\/comments?post=157"}],"version-history":[{"count":16,"href":"https:\/\/www.meletthalie.com\/index.php\/wp-json\/wp\/v2\/pages\/157\/revisions"}],"predecessor-version":[{"id":240,"href":"https:\/\/www.meletthalie.com\/index.php\/wp-json\/wp\/v2\/pages\/157\/revisions\/240"}],"wp:attachment":[{"href":"https:\/\/www.meletthalie.com\/index.php\/wp-json\/wp\/v2\/media?parent=157"}],"curies":[{"name":"wp","href":"https:\/\/api.w.org\/{rel}","templated":true}]}}