{"id":71,"date":"2025-12-26T13:09:57","date_gmt":"2025-12-26T13:09:57","guid":{"rendered":"https:\/\/www.meletthalie.com\/?page_id=71"},"modified":"2026-03-09T07:47:31","modified_gmt":"2026-03-09T07:47:31","slug":"les-amis-du-placard","status":"publish","type":"page","link":"https:\/\/www.meletthalie.com\/index.php\/les-amis-du-placard\/","title":{"rendered":"Les Amis du placard"},"content":{"rendered":"<nav class=\"is-responsive items-justified-right alignwide wp-block-navigation is-content-justification-right is-layout-flex wp-container-core-navigation-is-layout-d445cf74 wp-block-navigation-is-layout-flex\" aria-label=\"Navigation\" \n\t\t data-wp-interactive=\"core\/navigation\" data-wp-context='{\"overlayOpenedBy\":{\"click\":false,\"hover\":false,\"focus\":false},\"type\":\"overlay\",\"roleAttribute\":\"\",\"ariaLabel\":\"Menu\"}'><button aria-haspopup=\"dialog\" aria-label=\"Open menu\" class=\"wp-block-navigation__responsive-container-open\" \n\t\t\t\tdata-wp-on--click=\"actions.openMenuOnClick\"\n\t\t\t\tdata-wp-on--keydown=\"actions.handleMenuKeydown\"\n\t\t\t><svg width=\"24\" height=\"24\" xmlns=\"http:\/\/www.w3.org\/2000\/svg\" viewBox=\"0 0 24 24\" aria-hidden=\"true\" focusable=\"false\"><path d=\"M4 7.5h16v1.5H4z\"><\/path><path d=\"M4 15h16v1.5H4z\"><\/path><\/svg><\/button>\n\t\t\t\t<div class=\"wp-block-navigation__responsive-container\"  id=\"modal-1\" \n\t\t\t\tdata-wp-class--has-modal-open=\"state.isMenuOpen\"\n\t\t\t\tdata-wp-class--is-menu-open=\"state.isMenuOpen\"\n\t\t\t\tdata-wp-watch=\"callbacks.initMenu\"\n\t\t\t\tdata-wp-on--keydown=\"actions.handleMenuKeydown\"\n\t\t\t\tdata-wp-on--focusout=\"actions.handleMenuFocusout\"\n\t\t\t\ttabindex=\"-1\"\n\t\t\t>\n\t\t\t\t\t<div class=\"wp-block-navigation__responsive-close\" tabindex=\"-1\">\n\t\t\t\t\t\t<div class=\"wp-block-navigation__responsive-dialog\" \n\t\t\t\tdata-wp-bind--aria-modal=\"state.ariaModal\"\n\t\t\t\tdata-wp-bind--aria-label=\"state.ariaLabel\"\n\t\t\t\tdata-wp-bind--role=\"state.roleAttribute\"\n\t\t\t>\n\t\t\t\t\t\t\t<button aria-label=\"Close menu\" class=\"wp-block-navigation__responsive-container-close\" \n\t\t\t\tdata-wp-on--click=\"actions.closeMenuOnClick\"\n\t\t\t><svg xmlns=\"http:\/\/www.w3.org\/2000\/svg\" viewBox=\"0 0 24 24\" width=\"24\" height=\"24\" aria-hidden=\"true\" focusable=\"false\"><path d=\"m13.06 12 6.47-6.47-1.06-1.06L12 10.94 5.53 4.47 4.47 5.53 10.94 12l-6.47 6.47 1.06 1.06L12 13.06l6.47 6.47 1.06-1.06L13.06 12Z\"><\/path><\/svg><\/button>\n\t\t\t\t\t\t\t<div class=\"wp-block-navigation__responsive-container-content\" \n\t\t\t\tdata-wp-watch=\"callbacks.focusFirstElement\"\n\t\t\t id=\"modal-1-content\">\n\t\t\t\t\t\t\t\t<ul class=\"wp-block-navigation__container is-responsive items-justified-right alignwide wp-block-navigation\"><li class=\" wp-block-navigation-item wp-block-navigation-link\"><a class=\"wp-block-navigation-item__content\"  href=\"https:\/\/www.meletthalie.com\/\"><span class=\"wp-block-navigation-item__label\">Accueil<\/span><\/a><\/li><li class=\" wp-block-navigation-item wp-block-navigation-link\"><a class=\"wp-block-navigation-item__content\"  href=\"https:\/\/www.meletthalie.com\/index.php\/la-compagnie\/\"><span class=\"wp-block-navigation-item__label\">La Compagnie<\/span><\/a><\/li><li class=\" wp-block-navigation-item wp-block-navigation-link\"><a class=\"wp-block-navigation-item__content\"  href=\"https:\/\/www.meletthalie.com\/index.php\/spectacles\/\"><span class=\"wp-block-navigation-item__label\">Spectacles<\/span><\/a><\/li><li class=\" wp-block-navigation-item wp-block-navigation-link\"><a class=\"wp-block-navigation-item__content\"  href=\"https:\/\/www.meletthalie.com\/index.php\/appel-projet\/\"><span class=\"wp-block-navigation-item__label\">Appel \u00e0 textes<\/span><\/a><\/li><li class=\" wp-block-navigation-item wp-block-navigation-link\"><a class=\"wp-block-navigation-item__content\"  href=\"https:\/\/www.meletthalie.com\/index.php\/contact\/\"><span class=\"wp-block-navigation-item__label\">contact<\/span><\/a><\/li><\/ul>\n\t\t\t\t\t\t\t<\/div>\n\t\t\t\t\t\t<\/div>\n\t\t\t\t\t<\/div>\n\t\t\t\t<\/div><\/nav>\n\n<link href=\"https:\/\/fonts.googleapis.com\/css2?family=Montserrat:wght@400;600&#038;family=Pacifico&#038;display=swap\" rel=\"stylesheet\">\n\n<style>\n  :root{\n    --mt-primary:#6c7929;\n    --mt-ink:#222;\n    --mt-bg:#f7f8f3;\n    --mt-card:#ffffff;\n    --mt-border: rgba(0,0,0,0.08);\n    --mt-shadow: 0 12px 32px rgba(0,0,0,0.08);\n  }\n\n  .mt-showpage{\n    font-family:\"Montserrat\", system-ui, -apple-system, \"Segoe UI\", Roboto, Arial, sans-serif;\n    max-width:1100px;\n    margin:26px auto 44px;\n    padding:0 18px;\n    color:var(--mt-ink);\n  }\n\n  .mt-hero{\n    display:grid;\n    grid-template-columns: 0.95fr 1.55fr;\n    gap:18px;\n    align-items:start;\n    margin-bottom:16px;\n  }\n\n  .mt-hero-poster{\n    display:flex;\n    align-items:flex-start;\n    justify-content:center;\n  }\n\n  .mt-poster-frame{\n    width:100%;\n    max-width:320px;\n    border-radius:16px;\n    overflow:hidden;\n    background:#fff;\n    box-shadow:var(--mt-shadow);\n  }\n\n  .mt-poster{\n    display:block;\n    width:100%;\n    height:auto;\n  }\n\n  .mt-hero-info{\n    background: linear-gradient(180deg, #ffffff 0%, var(--mt-bg) 100%);\n    border-radius:16px;\n    box-shadow:var(--mt-shadow);\n    padding:20px 20px 18px;\n  }\n\n  .mt-title{\n    margin:0 0 10px;\n    font-family:\"Pacifico\", cursive;\n    font-size:38px;\n    line-height:1.1;\n    color:var(--mt-primary);\n  }\n\n  .mt-tags{\n    display:flex;\n    flex-wrap:wrap;\n    gap:10px;\n    margin-bottom:12px;\n  }\n\n  .mt-tag{\n    display:inline-flex;\n    align-items:center;\n    justify-content:center;\n    padding:7px 10px;\n    border-radius:999px;\n    background:#fff;\n    border:1px solid var(--mt-border);\n    color:#333;\n    font-weight:700;\n    font-size:13px;\n  }\n\n  .mt-credits-top{\n    margin-bottom:12px;\n    color:#333;\n    font-size:14.5px;\n    line-height:1.55;\n  }\n\n  .mt-synopsis{\n    margin-top:8px;\n  }\n\n  .mt-h2{\n    margin:0 0 8px;\n    font-size:18px;\n    font-weight:800;\n    color:var(--mt-primary);\n    letter-spacing:.2px;\n  }\n\n  .mt-synopsis p{\n    margin:0;\n    font-size:15px;\n    line-height:1.65;\n    color:#333;\n    text-align:justify;\n    text-justify:inter-word;\n  }\n\n  .mt-cta-row{\n    display:flex;\n    gap:12px;\n    flex-wrap:wrap;\n    margin-top:16px;\n  }\n\n  .mt-btn{\n    display:inline-flex;\n    align-items:center;\n    justify-content:center;\n    padding:12px 18px;\n    border-radius:10px;\n    text-decoration:none;\n    font-weight:600;\n    font-size:15px;\n    min-width:180px;\n    box-shadow:0 6px 18px rgba(108,121,41,0.14);\n  }\n\n  .mt-btn-primary{\n    background:var(--mt-primary);\n    color:#fff;\n    border:1px solid rgba(0,0,0,0.06);\n  }\n\n  .mt-btn-ghost{\n    background:transparent;\n    color:var(--mt-primary);\n    border:1px solid var(--mt-primary);\n  }\n\n  .mt-btn-soft{\n    background:#f5f5f2;\n    color:#333;\n    border:1px solid #dedede;\n  }\n\n  .mt-card{\n    background: linear-gradient(180deg, #ffffff 0%, var(--mt-bg) 100%);\n    border-radius:16px;\n    box-shadow:var(--mt-shadow);\n    padding:18px 20px;\n    margin-top:16px;\n  }\n\n  .mt-fiche{\n    margin-top:10px;\n    display:grid;\n    gap:10px;\n  }\n\n  .mt-row{\n    display:grid;\n    grid-template-columns:140px 1fr;\n    gap:12px;\n    padding:10px 12px;\n    background:#fff;\n    border-radius:12px;\n    border:1px solid rgba(0,0,0,0.06);\n  }\n\n  .mt-label{\n    font-weight:800;\n    color:#333;\n    font-size:13.5px;\n  }\n\n  .mt-value{\n    color:#333;\n    font-size:14.5px;\n    line-height:1.4;\n  }\n\n  .mt-embed{\n    position:relative;\n    padding-bottom:56.25%;\n    height:0;\n    overflow:hidden;\n    border-radius:12px;\n    border:1px solid rgba(0,0,0,0.10);\n    background:#000;\n    box-shadow:0 10px 26px rgba(0,0,0,0.08);\n    margin-top:10px;\n  }\n\n  .mt-embed iframe{\n    position:absolute;\n    top:0;\n    left:0;\n    width:100%;\n    height:100%;\n    border:0;\n  }\n\n  .mt-press{\n    display:flex;\n    flex-direction:column;\n    gap:12px;\n    margin-top:10px;\n  }\n\n  .mt-quote{\n    border-left:4px solid rgba(108,121,41,0.35);\n    padding:12px 14px;\n    background:#fff;\n    border-radius:10px;\n    border:1px solid rgba(0,0,0,0.08);\n  }\n\n  .mt-source{\n    font-weight:700;\n    color:#333;\n    margin-bottom:6px;\n  }\n\n  .mt-text{\n    margin:0;\n    color:#444;\n    line-height:1.6;\n  }\n\n  .mt-cols{\n    display:grid;\n    grid-template-columns:1fr 1fr;\n    gap:14px;\n    margin-top:10px;\n  }\n\n  @media (max-width:980px){\n    .mt-hero{\n      grid-template-columns:1fr;\n    }\n\n    .mt-title{\n      font-size:34px;\n    }\n\n    .mt-poster-frame{\n      max-width:360px;\n    }\n\n    .mt-row{\n      grid-template-columns:1fr;\n    }\n\n    .mt-label{\n      color:var(--mt-primary);\n    }\n\n    .mt-cols{\n      grid-template-columns:1fr;\n    }\n  }\n<\/style>\n\n<div class=\"mt-showpage\" role=\"region\" aria-label=\"Page spectacle Les Amis du placard\">\n\n  <section class=\"mt-hero\" aria-label=\"En-t\u00eate spectacle\">\n\n    <div class=\"mt-hero-poster\" aria-label=\"Affiche\">\n      <div class=\"mt-poster-frame\">\n        <img decoding=\"async\" class=\"mt-poster\"\n             src=\"http:\/\/www.meletthalie.com\/wp-content\/uploads\/2026\/03\/Capture-decran-2026-03-08-181748.png\"\n             alt=\"Affiche du spectacle Les Amis du placard\">\n      <\/div>\n    <\/div>\n\n    <div class=\"mt-hero-info\" aria-label=\"Informations principales\">\n      <h1 class=\"mt-title\">Les Amis du placard<\/h1>\n\n      <div class=\"mt-tags\" aria-label=\"Format et dur\u00e9e\">\n        <span class=\"mt-tag\">Com\u00e9die<\/span>\n        <span class=\"mt-tag\">Dur\u00e9e : 1h15<\/span>\n        <span class=\"mt-tag\">Studio H\u00e9bertot<\/span>\n      <\/div>\n\n      <div class=\"mt-credits-top\">\n        <div><strong>Repr\u00e9sentations :<\/strong> Studio H\u00e9bertot du 11 novembre 2025 au 14 janvier 2026<\/div>\n        <div><strong>Texte :<\/strong> Gabor Rassov<\/div>\n        <div><strong>Mise en sc\u00e8ne :<\/strong> Matthieu Bailly<\/div>\n        <div><strong>Distribution :<\/strong> Camille Chainay, Delphine Allemane, Jules Tarla, Matthieu Bailly<\/div>\n      <\/div>\n\n      <div class=\"mt-synopsis\">\n        <h2 class=\"mt-h2\">Synopsis<\/h2>\n        <p>\n          Profitant d\u2019une promotion improbable dans un hypermarch\u00e9 francilien, Jacques et Odile repartent\u2026 avec un couple d\u2019amis dans leur chariot.\n          De \u00ab vrais amis \u00bb, bien vivants : dr\u00f4les, flatteurs \u00e0 souhait et toujours disponibles pour trinquer ou meubler une soir\u00e9e. Le r\u00eave !\n          Sauf qu\u2019\u00e0 force d\u2019en abuser, les exigences montent, les caprices aussi, jusqu\u2019au jour o\u00f9 la machine s\u2019enraye&#8230;\n        <\/p>\n      <\/div>\n\n      <div class=\"mt-cta-row\" role=\"navigation\" aria-label=\"Actions\">\n        <a class=\"mt-btn mt-btn-primary\"\n           href=\"mailto:contact@meletthalie.com?subject=Demande%20d%27information%20-%20Les%20Amis%20du%20placard\">\n          Nous contacter\n        <\/a>\n\n        <a class=\"mt-btn mt-btn-ghost\"\n           href=\"https:\/\/www.meletthalie.com\/index.php\/spectacles\/\">\n          Retour aux spectacles\n        <\/a>\n\n        <a class=\"mt-btn mt-btn-soft\"\n           href=\"https:\/\/instagram.com\/meletthalie\"\n           target=\"_blank\"\n           rel=\"noopener\">\n          Suivre sur Instagram\n        <\/a>\n      <\/div>\n    <\/div>\n\n  <\/section>\n\n  <section class=\"mt-card\" aria-label=\"Bande-annonce\">\n    <h2 class=\"mt-h2\">Bande-annonce<\/h2>\n    <div class=\"mt-embed\">\n      <iframe\n        src=\"https:\/\/www.youtube.com\/embed\/6jczU8BI5Uw\"\n        title=\"Bande-annonce - Les Amis du placard\"\n        allow=\"accelerometer; autoplay; clipboard-write; encrypted-media; gyroscope; picture-in-picture; web-share\"\n        allowfullscreen><\/iframe>\n    <\/div>\n  <\/section>\n\n  <section class=\"mt-card\" aria-label=\"Fiche artistique\">\n    <h2 class=\"mt-h2\">Fiche artistique<\/h2>\n\n    <div class=\"mt-fiche\">\n      <div class=\"mt-row\">\n        <div class=\"mt-label\">Texte<\/div>\n        <div class=\"mt-value\">Gabor Rassov<\/div>\n      <\/div>\n\n      <div class=\"mt-row\">\n        <div class=\"mt-label\">Mise en sc\u00e8ne<\/div>\n        <div class=\"mt-value\">Matthieu Bailly<\/div>\n      <\/div>\n\n      <div class=\"mt-row\">\n        <div class=\"mt-label\">Distribution<\/div>\n        <div class=\"mt-value\">Camille Chainay, Blandine Guerrand, Jules Tarla, Matthieu Bailly<\/div>\n      <\/div>\n\n      <div class=\"mt-row\">\n        <div class=\"mt-label\">Dur\u00e9e<\/div>\n        <div class=\"mt-value\">1h15<\/div>\n      <\/div>\n\n      <div class=\"mt-row\">\n        <div class=\"mt-label\">Production<\/div>\n        <div class=\"mt-value\">Mel &amp; Thalie<\/div>\n      <\/div>\n\n      <div class=\"mt-row\">\n        <div class=\"mt-label\">Cr\u00e9ation<\/div>\n        <div class=\"mt-value\">Spectacle cr\u00e9\u00e9 au Studio H\u00e9bertot, Paris<\/div>\n      <\/div>\n    <\/div>\n  <\/section>\n\n  <section class=\"mt-card\" aria-label=\"Critiques\">\n    <h2 class=\"mt-h2\">Critiques<\/h2>\n\n    <div class=\"mt-press\">\n      <div class=\"mt-quote\">\n        <div class=\"mt-source\">Paris en Goguette<\/div>\n        <p class=\"mt-text\">\n          Cette com\u00e9die grin\u00e7ante, neuvi\u00e8me pi\u00e8ce de Gabor Rassov, mise en sc\u00e8ne par Matthieu Bailly, est une petite p\u00e9pite !\n          Les Amis du Placard se r\u00e9v\u00e8le comme une com\u00e9die humoristique qui d\u00e9montre l\u2019absurde, entre satire et \u00e9clats de rire.\n          Elle nous interpelle, fait r\u00e9fl\u00e9chir les spectateurs sur l\u2019amiti\u00e9, les relations humaines et le drame de notre \u00e9poque : la solitude.\n          On passe un tr\u00e8s bon moment (\u2026)\n        <\/p>\n      <\/div>\n\n      <div class=\"mt-quote\">\n        <div class=\"mt-source\">Au fil des lieux \u2014 Katherine Hibbs<\/div>\n        <p class=\"mt-text\">\n          La mise en sc\u00e8ne de Mathieu Bailly guide le public dans une com\u00e9die vive et rythm\u00e9e, glissant peu \u00e0 peu vers une zone plus inqui\u00e9tante. (\u2026)\n          Gr\u00e2ce \u00e0 l\u2019\u00e9nergie de ses quatre interpr\u00e8tes et \u00e0 un texte combinant efficacit\u00e9 comique et regard critique,\n          \u00ab Les Amis du Placard \u00bb s\u2019impose comme une satire vivifiante de notre rapport au lien social.\n        <\/p>\n      <\/div>\n\n      <div class=\"mt-quote\">\n        <div class=\"mt-source\">Au Balcon \u2014 Sylvie Tuffier<\/div>\n        <p class=\"mt-text\">\n          Le jeu tr\u00e8s naturel et tout en sobri\u00e9t\u00e9 des com\u00e9diens rend le cynisme et l&#8217;acidit\u00e9 du propos encore plus percutant !\n          Matthieu Bailly exulte en petit chef impr\u00e9visible et malveillant, pr\u00eat \u00e0 mordre \u00e0 la moindre occasion.\n          Delphine Allemane nous fait bien rire en parfaite idiote, subissant sans sourciller les attaques de son mari, mais tout aussi mauvaise avec ses amis.\n          Jules Tarla, superbe de naturel et sa compagne Camille Chainay les deux victimes, nous montrent toute l&#8217;humanit\u00e9 bafou\u00e9e de leur couple.\n          Une farce f\u00e9roce et cynique o\u00f9 l&#8217;on rit en grin\u00e7ant des dents !\n        <\/p>\n      <\/div>\n\n      <div class=\"mt-quote\">\n        <div class=\"mt-source\">Le Blog de Phaco \u2014 Thierry de Fages<\/div>\n        <p class=\"mt-text\">\n          Dans une composition de couple frustr\u00e9 et inculte, jouant \u00e0 la fois sur la peur et sur un syst\u00e8me labyrinthique de r\u00e9compenses et de punitions\n          pour garder leurs \u00ab h\u00f4tes ou larbins \u00bb Matthieu Bailly et Blandine Guerrand sont impayables.\n          Quant \u00e0 Jules Tarla et Camille Chainay, qui leur renvoient la balle, ils jouent avec beaucoup l&#8217;authenticit\u00e9 ces modernes Sganarelle,\n          objet \u00e0 la fois de convoitise et de r\u00e9pulsion de la part des ma\u00eetres. Au final, l&#8217;on ne peut que recommander cette \u00ab tragi-farce \u00bb des plus originales !\n        <\/p>\n      <\/div>\n\n      <div class=\"mt-quote\">\n        <div class=\"mt-source\">Les rapporteuses \u2014 Lise-Marie Ranner-Luxin<\/div>\n        <p class=\"mt-text\">\n          Les amis du placard n\u2019est pas une pi\u00e8ce confortable. Elle gratte l\u00e0 o\u00f9 \u00e7a fait rire jaune.\n          Elle montre, sans morale appuy\u00e9e mais avec une cruaut\u00e9 jubilatoire, comment la marchandisation a colonis\u00e9 jusqu\u2019\u00e0 l\u2019intime.\n          Une satire qui commence comme une com\u00e9die et finit comme un miroir un peu trop fid\u00e8le.\n          On rit. Puis on se demande, en sortant : et moi, suis-je client, produit\u2026 ou d\u00e9j\u00e0 dans le placard ?\n        <\/p>\n      <\/div>\n    <\/div>\n  <\/section>\n\n  <section class=\"mt-card\" aria-label=\"Informations pratiques\">\n    <h2 class=\"mt-h2\">Informations pratiques<\/h2>\n\n    <div class=\"mt-cols\">\n      <div class=\"mt-card\" style=\"margin-top:0;\">\n        <strong>Repr\u00e9sentations<\/strong><br>\n        <span style=\"color:#444;\">Studio H\u00e9bertot \u2014 du 11 novembre 2025 au 14 janvier 2026<\/span>\n      <\/div>\n\n      <div class=\"mt-card\" style=\"margin-top:0;\">\n        <strong>Contact \/ diffusion<\/strong><br>\n        <span style=\"color:#444;\">contact@meletthalie.com<\/span>\n      <\/div>\n    <\/div>\n  <\/section>\n\n<\/div>","protected":false},"excerpt":{"rendered":"<p>Les Amis du placard Com\u00e9die Dur\u00e9e : 1h15 Studio H\u00e9bertot Repr\u00e9sentations : Studio H\u00e9bertot du 11 novembre 2025 au 14 janvier 2026 Texte : Gabor Rassov Mise en sc\u00e8ne : Matthieu Bailly Distribution : Camille Chainay, Delphine Allemane, Jules Tarla, Matthieu Bailly Synopsis Profitant d\u2019une promotion improbable dans un hypermarch\u00e9 francilien, Jacques et Odile repartent\u2026 [&hellip;]<\/p>\n","protected":false},"author":1,"featured_media":0,"parent":0,"menu_order":0,"comment_status":"closed","ping_status":"closed","template":"","meta":{"footnotes":""},"class_list":["post-71","page","type-page","status-publish","hentry"],"_links":{"self":[{"href":"https:\/\/www.meletthalie.com\/index.php\/wp-json\/wp\/v2\/pages\/71","targetHints":{"allow":["GET"]}}],"collection":[{"href":"https:\/\/www.meletthalie.com\/index.php\/wp-json\/wp\/v2\/pages"}],"about":[{"href":"https:\/\/www.meletthalie.com\/index.php\/wp-json\/wp\/v2\/types\/page"}],"author":[{"embeddable":true,"href":"https:\/\/www.meletthalie.com\/index.php\/wp-json\/wp\/v2\/users\/1"}],"replies":[{"embeddable":true,"href":"https:\/\/www.meletthalie.com\/index.php\/wp-json\/wp\/v2\/comments?post=71"}],"version-history":[{"count":10,"href":"https:\/\/www.meletthalie.com\/index.php\/wp-json\/wp\/v2\/pages\/71\/revisions"}],"predecessor-version":[{"id":238,"href":"https:\/\/www.meletthalie.com\/index.php\/wp-json\/wp\/v2\/pages\/71\/revisions\/238"}],"wp:attachment":[{"href":"https:\/\/www.meletthalie.com\/index.php\/wp-json\/wp\/v2\/media?parent=71"}],"curies":[{"name":"wp","href":"https:\/\/api.w.org\/{rel}","templated":true}]}}